{"id":2224,"date":"2024-03-05T10:58:04","date_gmt":"2024-03-05T10:58:04","guid":{"rendered":"https:\/\/restaurantekuma.com\/?page_id=2224"},"modified":"2024-03-22T11:59:48","modified_gmt":"2024-03-22T11:59:48","slug":"cookies","status":"publish","type":"page","link":"https:\/\/restaurantekuma.com\/en\/cookies\/","title":{"rendered":"Cookies"},"content":{"rendered":"<div data-elementor-type=\"wp-page\" data-elementor-id=\"2224\" class=\"elementor elementor-2224\">\n\t\t\t\t\t\t\t\t\t<section class=\"elementor-section elementor-top-section elementor-element elementor-element-2a55f4b elementor-section-full_width elementor-section-height-default elementor-section-height-default\" data-id=\"2a55f4b\" data-element_type=\"section\" data-settings=\"{&quot;background_background&quot;:&quot;classic&quot;}\">\n\t\t\t\t\t\t<div class=\"elementor-container elementor-column-gap-default\">\n\t\t\t\t\t<div class=\"elementor-column elementor-col-100 elementor-top-column elementor-element elementor-element-f91e89a\" data-id=\"f91e89a\" data-element_type=\"column\" data-settings=\"{&quot;animation&quot;:&quot;none&quot;}\">\n\t\t\t<div class=\"elementor-widget-wrap elementor-element-populated\">\n\t\t\t\t\t\t\t\t<div class=\"elementor-element elementor-element-7c6945e elementor-widget elementor-widget-pt_title\" data-id=\"7c6945e\" data-element_type=\"widget\" data-widget_type=\"pt_title.default\">\n\t\t\t\t<div class=\"elementor-widget-container\">\n\t\t\t\n        <div class=\"pt-title-wrap text-center\">\t            <h2 class=\"pt-title\">\n\t                POL\u00cdTICA DE COOKIES\t            <\/h2>        <\/div>\t\t<\/div>\n\t\t\t\t<\/div>\n\t\t\t\t\t<\/div>\n\t\t<\/div>\n\t\t\t\t\t\t\t<\/div>\n\t\t<\/section>\n\t\t\t\t<section class=\"elementor-section elementor-top-section elementor-element elementor-element-91b9013 elementor-section-boxed elementor-section-height-default elementor-section-height-default elementor-invisible\" data-id=\"91b9013\" data-element_type=\"section\" data-settings=\"{&quot;animation&quot;:&quot;fadeInUp&quot;}\">\n\t\t\t\t\t\t<div class=\"elementor-container elementor-column-gap-default\">\n\t\t\t\t\t<div class=\"elementor-column elementor-col-100 elementor-top-column elementor-element elementor-element-e31c37c\" data-id=\"e31c37c\" data-element_type=\"column\">\n\t\t\t<div class=\"elementor-widget-wrap elementor-element-populated\">\n\t\t\t\t\t\t\t\t<div class=\"elementor-element elementor-element-71d0981 elementor-widget elementor-widget-accordion\" data-id=\"71d0981\" data-element_type=\"widget\" data-widget_type=\"accordion.default\">\n\t\t\t\t<div class=\"elementor-widget-container\">\n\t\t\t<style>\/*! elementor - v3.11.5 - 14-03-2023 *\/\n.elementor-accordion{text-align:left}.elementor-accordion .elementor-accordion-item{border:1px solid #d4d4d4}.elementor-accordion .elementor-accordion-item+.elementor-accordion-item{border-top:none}.elementor-accordion .elementor-tab-title{margin:0;padding:15px 20px;font-weight:700;line-height:1;cursor:pointer;outline:none}.elementor-accordion .elementor-tab-title .elementor-accordion-icon{display:inline-block;width:1.5em}.elementor-accordion .elementor-tab-title .elementor-accordion-icon svg{width:1em;height:1em}.elementor-accordion .elementor-tab-title .elementor-accordion-icon.elementor-accordion-icon-right{float:right;text-align:right}.elementor-accordion .elementor-tab-title .elementor-accordion-icon.elementor-accordion-icon-left{float:left;text-align:left}.elementor-accordion .elementor-tab-title .elementor-accordion-icon .elementor-accordion-icon-closed{display:block}.elementor-accordion .elementor-tab-title .elementor-accordion-icon .elementor-accordion-icon-opened,.elementor-accordion .elementor-tab-title.elementor-active .elementor-accordion-icon-closed{display:none}.elementor-accordion .elementor-tab-title.elementor-active .elementor-accordion-icon-opened{display:block}.elementor-accordion .elementor-tab-content{display:none;padding:15px 20px;border-top:1px solid #d4d4d4}@media (max-width:767px){.elementor-accordion .elementor-tab-title{padding:12px 15px}.elementor-accordion .elementor-tab-title .elementor-accordion-icon{width:1.2em}.elementor-accordion .elementor-tab-content{padding:7px 15px}}.e-con-inner>.elementor-widget-accordion,.e-con>.elementor-widget-accordion{width:var(--container-widget-width);--flex-grow:var(--container-widget-flex-grow)}<\/style>\t\t<div class=\"elementor-accordion\" role=\"tablist\">\n\t\t\t\t\t\t\t<div class=\"elementor-accordion-item\">\n\t\t\t\t\t<h3 id=\"elementor-tab-title-1191\" class=\"elementor-tab-title\" data-tab=\"1\" role=\"tab\" aria-controls=\"elementor-tab-content-1191\" aria-expanded=\"false\">\n\t\t\t\t\t\t\t\t\t\t\t\t\t<span class=\"elementor-accordion-icon elementor-accordion-icon-right\" aria-hidden=\"true\">\n\t\t\t\t\t\t\t\t\t\t\t\t\t\t\t<span class=\"elementor-accordion-icon-closed\"><i class=\"fas fa-caret-down\"><\/i><\/span>\n\t\t\t\t\t\t\t\t<span class=\"elementor-accordion-icon-opened\"><i class=\"fas fa-caret-up\"><\/i><\/span>\n\t\t\t\t\t\t\t\t\t\t\t\t\t\t<\/span>\n\t\t\t\t\t\t\t\t\t\t\t\t<a class=\"elementor-accordion-title\" href=\"\">QU\u00c9 SON LAS COOKIES Y PARA QU\u00c9 SE UTILIZAN<\/a>\n\t\t\t\t\t<\/h3>\n\t\t\t\t\t<div id=\"elementor-tab-content-1191\" class=\"elementor-tab-content elementor-clearfix\" data-tab=\"1\" role=\"tabpanel\" aria-labelledby=\"elementor-tab-title-1191\"><p>Una cookie es un peque\u00f1o archivo simple que se env\u00eda junto con los contenidos visibles de las p\u00e1ginas de esta web y que el navegador del usuario almacena en el disco duro de su ordenador o de otro dispositivo (smartphone, tablet, televisi\u00f3n conectada\u2026) con un peque\u00f1o texto sobre su navegaci\u00f3n, h\u00e1bitos, preferencias, personalizaciones de contenidos, etc. Esta informaci\u00f3n almacenada puede ser devuelta a nuestros servidores o a los servidores de terceros relevantes durante una visita posterior.<\/p><p>Existen otras tecnolog\u00edas que funcionan de manera similar y que tambi\u00e9n se usan para recopilar datos sobre tu actividad de navegaci\u00f3n como scripts (fragmento de c\u00f3digo de programa que se utiliza para hacer que nuestra web funcione correctamente y de forma interactiva y se ejecuta en nuestro servidor o en el dispositivo del usuario), y etiquetas de p\u00edxel (peque\u00f1a e invisible pieza de texto o imagen en una web que se utiliza para hacer seguimiento del tr\u00e1fico en una web).<\/p><p>Para una mejor comprensi\u00f3n a partir de ahora llamaremos \u00abcookies\u00bb a todas estas tecnolog\u00edas en su conjunto.<\/p><p>Los usos concretos que hacemos de estas tecnolog\u00edas se describen en el presente documento.<\/p><p>Las cookies son una parte esencial de c\u00f3mo funciona el Sitio Web. El objetivo principal de nuestras cookies es mejorar su experiencia en la navegaci\u00f3n. Por ejemplo, para recordar sus preferencias (idioma, pa\u00eds, etc.) durante la navegaci\u00f3n y en futuras visitas. La informaci\u00f3n recogida en las cookies nos permite adem\u00e1s mejorar la web, adaptarla a sus intereses como usuario, acelerar las b\u00fasquedas que realice, posibilitar las transacciones de productos, etc.<\/p><p>En determinados casos, si hemos obtenido su previo consentimiento informado, podremos utilizar cookies para otros usos, como por ejemplo la compra online o el uso del formulario, pero no usaremos esta informaci\u00f3n para mostrarle publicidad basada en el an\u00e1lisis de sus h\u00e1bitos de navegaci\u00f3n.<\/p><p>En las cookies que utilizamos no se almacena informaci\u00f3n sensible de identificaci\u00f3n personal como su nombre, direcci\u00f3n, tu contrase\u00f1a, etc.<\/p><\/div>\n\t\t\t\t<\/div>\n\t\t\t\t\t\t\t<div class=\"elementor-accordion-item\">\n\t\t\t\t\t<h3 id=\"elementor-tab-title-1192\" class=\"elementor-tab-title\" data-tab=\"2\" role=\"tab\" aria-controls=\"elementor-tab-content-1192\" aria-expanded=\"false\">\n\t\t\t\t\t\t\t\t\t\t\t\t\t<span class=\"elementor-accordion-icon elementor-accordion-icon-right\" aria-hidden=\"true\">\n\t\t\t\t\t\t\t\t\t\t\t\t\t\t\t<span class=\"elementor-accordion-icon-closed\"><i class=\"fas fa-caret-down\"><\/i><\/span>\n\t\t\t\t\t\t\t\t<span class=\"elementor-accordion-icon-opened\"><i class=\"fas fa-caret-up\"><\/i><\/span>\n\t\t\t\t\t\t\t\t\t\t\t\t\t\t<\/span>\n\t\t\t\t\t\t\t\t\t\t\t\t<a class=\"elementor-accordion-title\" href=\"\">CONSENTIMIENTO Y CONFIGURACI\u00d3N<\/a>\n\t\t\t\t\t<\/h3>\n\t\t\t\t\t<div id=\"elementor-tab-content-1192\" class=\"elementor-tab-content elementor-clearfix\" data-tab=\"2\" role=\"tabpanel\" aria-labelledby=\"elementor-tab-title-1192\"><p>Cuando visite nuestra web por primera vez, le mostraremos una ventana emergente con una explicaci\u00f3n sobre las cookies (\u201cprimera capa\u201d). Tan pronto como hagas clic en el bot\u00f3n de aceptaci\u00f3n, acepta que usemos las categor\u00edas de cookies y plugins que ha seleccionado en la ventana emergente, tal y como se describe en esta pol\u00edtica de cookies. Puede desactivar el uso de cookies a trav\u00e9s de tu navegador, pero, por favor, ten en cuenta que nuestra web puede dejar de funcionar correctamente si lo hace.<\/p><p>Visite nuestra pol\u00edtica de privacidad para conocer sus derechos con respecto al tratamiento de datos personales, y c\u00f3mo ejercerlos.<\/p><\/div>\n\t\t\t\t<\/div>\n\t\t\t\t\t\t\t<div class=\"elementor-accordion-item\">\n\t\t\t\t\t<h3 id=\"elementor-tab-title-1193\" class=\"elementor-tab-title\" data-tab=\"3\" role=\"tab\" aria-controls=\"elementor-tab-content-1193\" aria-expanded=\"false\">\n\t\t\t\t\t\t\t\t\t\t\t\t\t<span class=\"elementor-accordion-icon elementor-accordion-icon-right\" aria-hidden=\"true\">\n\t\t\t\t\t\t\t\t\t\t\t\t\t\t\t<span class=\"elementor-accordion-icon-closed\"><i class=\"fas fa-caret-down\"><\/i><\/span>\n\t\t\t\t\t\t\t\t<span class=\"elementor-accordion-icon-opened\"><i class=\"fas fa-caret-up\"><\/i><\/span>\n\t\t\t\t\t\t\t\t\t\t\t\t\t\t<\/span>\n\t\t\t\t\t\t\t\t\t\t\t\t<a class=\"elementor-accordion-title\" href=\"\">ACTIVACI\u00d3N, DESACTIVACI\u00d3N Y ELIMINACI\u00d3N<\/a>\n\t\t\t\t\t<\/h3>\n\t\t\t\t\t<div id=\"elementor-tab-content-1193\" class=\"elementor-tab-content elementor-clearfix\" data-tab=\"3\" role=\"tabpanel\" aria-labelledby=\"elementor-tab-title-1193\"><p>Puede utilizar su navegador de Internet para eliminar las cookies de forma autom\u00e1tica o manual. Tambi\u00e9n puede especificar que ciertas cookies no pueden ser colocadas. Otra opci\u00f3n es cambiar los ajustes de su navegador de Internet para que reciba un mensaje cada vez que se coloca una cookie. Para obtener m\u00e1s informaci\u00f3n sobre estas opciones, consulte las instrucciones de la secci\u00f3n de \u00abAyuda\u00bb de su navegador.<\/p><p>Tenga en cuenta que nuestra web puede no funcionar correctamente si todas las cookies est\u00e1n desactivadas. Si borra las cookies de su navegador, se volver\u00e1n a colocar despu\u00e9s de su consentimiento cuando vuelva a visitar nuestra web.<\/p><\/div>\n\t\t\t\t<\/div>\n\t\t\t\t\t\t\t<div class=\"elementor-accordion-item\">\n\t\t\t\t\t<h3 id=\"elementor-tab-title-1194\" class=\"elementor-tab-title\" data-tab=\"4\" role=\"tab\" aria-controls=\"elementor-tab-content-1194\" aria-expanded=\"false\">\n\t\t\t\t\t\t\t\t\t\t\t\t\t<span class=\"elementor-accordion-icon elementor-accordion-icon-right\" aria-hidden=\"true\">\n\t\t\t\t\t\t\t\t\t\t\t\t\t\t\t<span class=\"elementor-accordion-icon-closed\"><i class=\"fas fa-caret-down\"><\/i><\/span>\n\t\t\t\t\t\t\t\t<span class=\"elementor-accordion-icon-opened\"><i class=\"fas fa-caret-up\"><\/i><\/span>\n\t\t\t\t\t\t\t\t\t\t\t\t\t\t<\/span>\n\t\t\t\t\t\t\t\t\t\t\t\t<a class=\"elementor-accordion-title\" href=\"\">TIPOS DE COOKIES<\/a>\n\t\t\t\t\t<\/h3>\n\t\t\t\t\t<div id=\"elementor-tab-content-1194\" class=\"elementor-tab-content elementor-clearfix\" data-tab=\"4\" role=\"tabpanel\" aria-labelledby=\"elementor-tab-title-1194\"><p>Cookies t\u00e9cnicas o funcionales: Algunas cookies aseguran que ciertas partes de la web funcionen correctamente y que las preferencias de usuario sigan record\u00e1ndose. Al colocar cookies funcionales, facilitamos la visita y uso de nuestra web. De esta manera, no es necesario introducir repetidamente la misma informaci\u00f3n cuando se visita nuestra web y, por ejemplo, los art\u00edculos permanecen en la cesta de la compra hasta que el usuario finalice la compra. La normativa nos permite colocar estas cookies sin tu consentimiento.<\/p><p>Cookies anal\u00edticas: Usamos cookies anal\u00edticas para optimizar la experiencia en el sitio web de nuestros usuarios. Con estas cookies anal\u00edticas obtenemos conocimientos del uso de nuestro sitio web. Es necesario el consentimiento del usuario para insertar cookies anal\u00edticas.<\/p><p>Botones de medios sociales: En nuestra web hemos incluidos botones para promocionar p\u00e1ginas (p. ej. \u00abme gusta\u00bb, \u00abpin\u00bb) o compartirlas (p. ej. \u00abtuitear\u00bb) en redes sociales. Estos botones funcionan usando c\u00f3digo de estas RRSS; este c\u00f3digo incrusta cookies. Estos botones de redes sociales pueden almacenar y procesar cierta informaci\u00f3n. Por favor lea la pol\u00edtica de privacidad de estas redes sociales (que puede cambiar frecuentemente) para saber qu\u00e9 hacen con sus datos (personales) que procesan usando estas cookies.<\/p><\/div>\n\t\t\t\t<\/div>\n\t\t\t\t\t\t\t<div class=\"elementor-accordion-item\">\n\t\t\t\t\t<h3 id=\"elementor-tab-title-1195\" class=\"elementor-tab-title\" data-tab=\"5\" role=\"tab\" aria-controls=\"elementor-tab-content-1195\" aria-expanded=\"false\">\n\t\t\t\t\t\t\t\t\t\t\t\t\t<span class=\"elementor-accordion-icon elementor-accordion-icon-right\" aria-hidden=\"true\">\n\t\t\t\t\t\t\t\t\t\t\t\t\t\t\t<span class=\"elementor-accordion-icon-closed\"><i class=\"fas fa-caret-down\"><\/i><\/span>\n\t\t\t\t\t\t\t\t<span class=\"elementor-accordion-icon-opened\"><i class=\"fas fa-caret-up\"><\/i><\/span>\n\t\t\t\t\t\t\t\t\t\t\t\t\t\t<\/span>\n\t\t\t\t\t\t\t\t\t\t\t\t<a class=\"elementor-accordion-title\" href=\"\">RELACI\u00d3N DE COOKIES<\/a>\n\t\t\t\t\t<\/h3>\n\t\t\t\t\t<div id=\"elementor-tab-content-1195\" class=\"elementor-tab-content elementor-clearfix\" data-tab=\"5\" role=\"tabpanel\" aria-labelledby=\"elementor-tab-title-1195\"><p>En esta web se utilizan las siguientes cookies:<\/p><\/div>\n\t\t\t\t<\/div>\n\t\t\t\t\t\t\t\t<\/div>\n\t\t\t\t<\/div>\n\t\t\t\t<\/div>\n\t\t\t\t\t<\/div>\n\t\t<\/div>\n\t\t\t\t\t\t\t<\/div>\n\t\t<\/section>\n\t\t\t\t\t\t\t<\/div>","protected":false},"excerpt":{"rendered":"<p>POL\u00cdTICA DE COOKIES QU\u00c9 SON LAS COOKIES Y PARA QU\u00c9 SE UTILIZAN Una cookie es un peque\u00f1o archivo simple que se env\u00eda junto con los contenidos visibles de las p\u00e1ginas de esta web y que el navegador del usuario almacena en el disco duro de su ordenador o de otro dispositivo (smartphone, tablet, televisi\u00f3n conectada\u2026) &#8230;<\/p>","protected":false},"author":2,"featured_media":0,"parent":0,"menu_order":0,"comment_status":"closed","ping_status":"closed","template":"template-wide-content.php","meta":{"footnotes":"","patiotime_single_page_hide_site_header":"","patiotime_single_page_site_header_source":"","patiotime_single_page_custom_site_header":"0","patiotime_single_page_custom_sticky_site_header":"0","patiotime_single_page_hide_page_title":"on","patiotime_single_page_header_section_size":"","patiotime_single_page_header_background_color":"#000000","patiotime_single_page_header_background_position_x":"center","patiotime_single_page_header_background_position_y":"center","patiotime_single_page_header_background_size":"cover","patiotime_single_page_header_background_repeat":"off","patiotime_single_page_header_background_scroll":"on","patiotime_single_page_header_text_color":"","patiotime_single_page_header_show_breadcrumb":"hide","patiotime_single_page_site_footer_hide_main":"","patiotime_single_custom_site_footer_main_source":"","patiotime_single_custom_site_footer_main":"0","patiotime_single_page_site_footer_hide_above":"","patiotime_single_custom_site_footer_above_source":"","patiotime_single_custom_site_footer_above":"0","patiotime_single_page_site_footer_hide_instagram":"","patiotime_single_page_site_footer_hide_bottom":"","patiotime_single_custom_mobile_menu_source":"","patiotime_single_custom_mobile_menu":"0","patiotime_single_custom_mobile_menu_animation":"","patiotime_single_custom_mobile_menu_width":"","patiotime_single_custom_mobile_menu_custom_width":375},"yoast_head":"<!-- This site is optimized with the Yoast SEO plugin v20.10 - https:\/\/yoast.com\/wordpress\/plugins\/seo\/ -->\n<title>Cookies - Restaurante KUMA<\/title>\n<meta name=\"robots\" content=\"index, follow, max-snippet:-1, max-image-preview:large, max-video-preview:-1\" \/>\n<link rel=\"canonical\" href=\"https:\/\/restaurantekuma.com\/en\/cookies\/\" \/>\n<meta property=\"og:locale\" content=\"en_GB\" \/>\n<meta property=\"og:type\" content=\"article\" \/>\n<meta property=\"og:title\" content=\"Cookies - Restaurante KUMA\" \/>\n<meta property=\"og:description\" content=\"POL\u00cdTICA DE COOKIES QU\u00c9 SON LAS COOKIES Y PARA QU\u00c9 SE UTILIZAN Una cookie es un peque\u00f1o archivo simple que se env\u00eda junto con los contenidos visibles de las p\u00e1ginas de esta web y que el navegador del usuario almacena en el disco duro de su ordenador o de otro dispositivo (smartphone, tablet, televisi\u00f3n conectada\u2026) ...\" \/>\n<meta property=\"og:url\" content=\"https:\/\/restaurantekuma.com\/en\/cookies\/\" \/>\n<meta property=\"og:site_name\" content=\"Restaurante KUMA\" \/>\n<meta property=\"article:modified_time\" content=\"2024-03-22T11:59:48+00:00\" \/>\n<meta name=\"twitter:card\" content=\"summary_large_image\" \/>\n<meta name=\"twitter:label1\" content=\"Estimated reading time\" \/>\n\t<meta name=\"twitter:data1\" content=\"4 minutes\" \/>\n<script type=\"application\/ld+json\" class=\"yoast-schema-graph\">{\"@context\":\"https:\/\/schema.org\",\"@graph\":[{\"@type\":\"WebPage\",\"@id\":\"https:\/\/restaurantekuma.com\/cookies\/\",\"url\":\"https:\/\/restaurantekuma.com\/cookies\/\",\"name\":\"Cookies - Restaurante KUMA\",\"isPartOf\":{\"@id\":\"https:\/\/restaurantekuma.com\/#website\"},\"datePublished\":\"2024-03-05T10:58:04+00:00\",\"dateModified\":\"2024-03-22T11:59:48+00:00\",\"breadcrumb\":{\"@id\":\"https:\/\/restaurantekuma.com\/cookies\/#breadcrumb\"},\"inLanguage\":\"en-GB\",\"potentialAction\":[{\"@type\":\"ReadAction\",\"target\":[\"https:\/\/restaurantekuma.com\/cookies\/\"]}]},{\"@type\":\"BreadcrumbList\",\"@id\":\"https:\/\/restaurantekuma.com\/cookies\/#breadcrumb\",\"itemListElement\":[{\"@type\":\"ListItem\",\"position\":1,\"name\":\"Portada\",\"item\":\"https:\/\/restaurantekuma.com\/\"},{\"@type\":\"ListItem\",\"position\":2,\"name\":\"Cookies\"}]},{\"@type\":\"WebSite\",\"@id\":\"https:\/\/restaurantekuma.com\/#website\",\"url\":\"https:\/\/restaurantekuma.com\/\",\"name\":\"Restaurante KUMA\",\"description\":\"Restaurante japon\u00e9s fusi\u00f3n en Bilbao\",\"potentialAction\":[{\"@type\":\"SearchAction\",\"target\":{\"@type\":\"EntryPoint\",\"urlTemplate\":\"https:\/\/restaurantekuma.com\/?s={search_term_string}\"},\"query-input\":\"required name=search_term_string\"}],\"inLanguage\":\"en-GB\"}]}<\/script>\n<!-- \/ Yoast SEO plugin. -->","yoast_head_json":{"title":"Cookies - Restaurante KUMA","robots":{"index":"index","follow":"follow","max-snippet":"max-snippet:-1","max-image-preview":"max-image-preview:large","max-video-preview":"max-video-preview:-1"},"canonical":"https:\/\/restaurantekuma.com\/en\/cookies\/","og_locale":"en_GB","og_type":"article","og_title":"Cookies - Restaurante KUMA","og_description":"POL\u00cdTICA DE COOKIES QU\u00c9 SON LAS COOKIES Y PARA QU\u00c9 SE UTILIZAN Una cookie es un peque\u00f1o archivo simple que se env\u00eda junto con los contenidos visibles de las p\u00e1ginas de esta web y que el navegador del usuario almacena en el disco duro de su ordenador o de otro dispositivo (smartphone, tablet, televisi\u00f3n conectada\u2026) ...","og_url":"https:\/\/restaurantekuma.com\/en\/cookies\/","og_site_name":"Restaurante KUMA","article_modified_time":"2024-03-22T11:59:48+00:00","twitter_card":"summary_large_image","twitter_misc":{"Estimated reading time":"4 minutes"},"schema":{"@context":"https:\/\/schema.org","@graph":[{"@type":"WebPage","@id":"https:\/\/restaurantekuma.com\/cookies\/","url":"https:\/\/restaurantekuma.com\/cookies\/","name":"Cookies - Restaurante KUMA","isPartOf":{"@id":"https:\/\/restaurantekuma.com\/#website"},"datePublished":"2024-03-05T10:58:04+00:00","dateModified":"2024-03-22T11:59:48+00:00","breadcrumb":{"@id":"https:\/\/restaurantekuma.com\/cookies\/#breadcrumb"},"inLanguage":"en-GB","potentialAction":[{"@type":"ReadAction","target":["https:\/\/restaurantekuma.com\/cookies\/"]}]},{"@type":"BreadcrumbList","@id":"https:\/\/restaurantekuma.com\/cookies\/#breadcrumb","itemListElement":[{"@type":"ListItem","position":1,"name":"Portada","item":"https:\/\/restaurantekuma.com\/"},{"@type":"ListItem","position":2,"name":"Cookies"}]},{"@type":"WebSite","@id":"https:\/\/restaurantekuma.com\/#website","url":"https:\/\/restaurantekuma.com\/","name":"Restaurante KUMA","description":"Restaurante japon\u00e9s fusi\u00f3n en Bilbao","potentialAction":[{"@type":"SearchAction","target":{"@type":"EntryPoint","urlTemplate":"https:\/\/restaurantekuma.com\/?s={search_term_string}"},"query-input":"required name=search_term_string"}],"inLanguage":"en-GB"}]}},"_links":{"self":[{"href":"https:\/\/restaurantekuma.com\/en\/wp-json\/wp\/v2\/pages\/2224"}],"collection":[{"href":"https:\/\/restaurantekuma.com\/en\/wp-json\/wp\/v2\/pages"}],"about":[{"href":"https:\/\/restaurantekuma.com\/en\/wp-json\/wp\/v2\/types\/page"}],"author":[{"embeddable":true,"href":"https:\/\/restaurantekuma.com\/en\/wp-json\/wp\/v2\/users\/2"}],"replies":[{"embeddable":true,"href":"https:\/\/restaurantekuma.com\/en\/wp-json\/wp\/v2\/comments?post=2224"}],"version-history":[{"count":25,"href":"https:\/\/restaurantekuma.com\/en\/wp-json\/wp\/v2\/pages\/2224\/revisions"}],"predecessor-version":[{"id":2395,"href":"https:\/\/restaurantekuma.com\/en\/wp-json\/wp\/v2\/pages\/2224\/revisions\/2395"}],"wp:attachment":[{"href":"https:\/\/restaurantekuma.com\/en\/wp-json\/wp\/v2\/media?parent=2224"}],"curies":[{"name":"wp","href":"https:\/\/api.w.org\/{rel}","templated":true}]}}