{"id":2237,"date":"2024-03-05T11:14:01","date_gmt":"2024-03-05T11:14:01","guid":{"rendered":"https:\/\/restaurantekuma.com\/?page_id=2237"},"modified":"2024-03-22T10:22:16","modified_gmt":"2024-03-22T10:22:16","slug":"privacidad","status":"publish","type":"page","link":"https:\/\/restaurantekuma.com\/en\/privacidad\/","title":{"rendered":"Privacidad"},"content":{"rendered":"<div data-elementor-type=\"wp-page\" data-elementor-id=\"2237\" class=\"elementor elementor-2237\">\n\t\t\t\t\t\t\t\t\t<section class=\"elementor-section elementor-top-section elementor-element elementor-element-2a55f4b elementor-section-full_width elementor-section-height-default elementor-section-height-default\" data-id=\"2a55f4b\" data-element_type=\"section\" data-settings=\"{&quot;background_background&quot;:&quot;classic&quot;}\">\n\t\t\t\t\t\t<div class=\"elementor-container elementor-column-gap-default\">\n\t\t\t\t\t<div class=\"elementor-column elementor-col-100 elementor-top-column elementor-element elementor-element-f91e89a\" data-id=\"f91e89a\" data-element_type=\"column\" data-settings=\"{&quot;animation&quot;:&quot;none&quot;}\">\n\t\t\t<div class=\"elementor-widget-wrap elementor-element-populated\">\n\t\t\t\t\t\t\t\t<div class=\"elementor-element elementor-element-7c6945e elementor-widget elementor-widget-pt_title\" data-id=\"7c6945e\" data-element_type=\"widget\" data-widget_type=\"pt_title.default\">\n\t\t\t\t<div class=\"elementor-widget-container\">\n\t\t\t\n        <div class=\"pt-title-wrap text-center\">\t            <h2 class=\"pt-title\">\n\t                POL\u00cdTICA DE PRIVACIDAD\t            <\/h2>        <\/div>\t\t<\/div>\n\t\t\t\t<\/div>\n\t\t\t\t\t<\/div>\n\t\t<\/div>\n\t\t\t\t\t\t\t<\/div>\n\t\t<\/section>\n\t\t\t\t<section class=\"elementor-section elementor-top-section elementor-element elementor-element-91b9013 elementor-section-boxed elementor-section-height-default elementor-section-height-default elementor-invisible\" data-id=\"91b9013\" data-element_type=\"section\" data-settings=\"{&quot;animation&quot;:&quot;fadeInUp&quot;}\">\n\t\t\t\t\t\t<div class=\"elementor-container elementor-column-gap-default\">\n\t\t\t\t\t<div class=\"elementor-column elementor-col-100 elementor-top-column elementor-element elementor-element-e31c37c\" data-id=\"e31c37c\" data-element_type=\"column\">\n\t\t\t<div class=\"elementor-widget-wrap elementor-element-populated\">\n\t\t\t\t\t\t\t\t<div class=\"elementor-element elementor-element-71d0981 elementor-widget elementor-widget-accordion\" data-id=\"71d0981\" data-element_type=\"widget\" data-widget_type=\"accordion.default\">\n\t\t\t\t<div class=\"elementor-widget-container\">\n\t\t\t<style>\/*! elementor - v3.11.5 - 14-03-2023 *\/\n.elementor-accordion{text-align:left}.elementor-accordion .elementor-accordion-item{border:1px solid #d4d4d4}.elementor-accordion .elementor-accordion-item+.elementor-accordion-item{border-top:none}.elementor-accordion .elementor-tab-title{margin:0;padding:15px 20px;font-weight:700;line-height:1;cursor:pointer;outline:none}.elementor-accordion .elementor-tab-title .elementor-accordion-icon{display:inline-block;width:1.5em}.elementor-accordion .elementor-tab-title .elementor-accordion-icon svg{width:1em;height:1em}.elementor-accordion .elementor-tab-title .elementor-accordion-icon.elementor-accordion-icon-right{float:right;text-align:right}.elementor-accordion .elementor-tab-title .elementor-accordion-icon.elementor-accordion-icon-left{float:left;text-align:left}.elementor-accordion .elementor-tab-title .elementor-accordion-icon .elementor-accordion-icon-closed{display:block}.elementor-accordion .elementor-tab-title .elementor-accordion-icon .elementor-accordion-icon-opened,.elementor-accordion .elementor-tab-title.elementor-active .elementor-accordion-icon-closed{display:none}.elementor-accordion .elementor-tab-title.elementor-active .elementor-accordion-icon-opened{display:block}.elementor-accordion .elementor-tab-content{display:none;padding:15px 20px;border-top:1px solid #d4d4d4}@media (max-width:767px){.elementor-accordion .elementor-tab-title{padding:12px 15px}.elementor-accordion .elementor-tab-title .elementor-accordion-icon{width:1.2em}.elementor-accordion .elementor-tab-content{padding:7px 15px}}.e-con-inner>.elementor-widget-accordion,.e-con>.elementor-widget-accordion{width:var(--container-widget-width);--flex-grow:var(--container-widget-flex-grow)}<\/style>\t\t<div class=\"elementor-accordion\" role=\"tablist\">\n\t\t\t\t\t\t\t<div class=\"elementor-accordion-item\">\n\t\t\t\t\t<h3 id=\"elementor-tab-title-1191\" class=\"elementor-tab-title\" data-tab=\"1\" role=\"tab\" aria-controls=\"elementor-tab-content-1191\" aria-expanded=\"false\">\n\t\t\t\t\t\t\t\t\t\t\t\t\t<span class=\"elementor-accordion-icon elementor-accordion-icon-right\" aria-hidden=\"true\">\n\t\t\t\t\t\t\t\t\t\t\t\t\t\t\t<span class=\"elementor-accordion-icon-closed\"><i class=\"fas fa-caret-down\"><\/i><\/span>\n\t\t\t\t\t\t\t\t<span class=\"elementor-accordion-icon-opened\"><i class=\"fas fa-caret-up\"><\/i><\/span>\n\t\t\t\t\t\t\t\t\t\t\t\t\t\t<\/span>\n\t\t\t\t\t\t\t\t\t\t\t\t<a class=\"elementor-accordion-title\" href=\"\">PROTECCI\u00d3N DE DATOS PERSONALES<\/a>\n\t\t\t\t\t<\/h3>\n\t\t\t\t\t<div id=\"elementor-tab-content-1191\" class=\"elementor-tab-content elementor-clearfix\" data-tab=\"1\" role=\"tabpanel\" aria-labelledby=\"elementor-tab-title-1191\"><p>Para ayudar al Usuario a tomar decisiones informadas cuando utiliza el Sitio Web y a comprender de qu\u00e9 modo trataremos la informaci\u00f3n personal facilitada por el mismo a trav\u00e9s de los distintos sistemas de recogida de datos que figuran en el Sitio Web de KUMA le invitamos a que la lea con atenci\u00f3n y as\u00ed mantener en todo momento el control sobre sus datos personales.<\/p><p>\u2028\u2028El Usuario garantiza que los datos remitidos o aportados son verdaderos, exactos, completos y actualizados, siendo responsable de cualquier da\u00f1o o perjuicio, directo o indirecto, que pudiera ocasionarse como consecuencia del incumplimiento de tal obligaci\u00f3n. En el caso de que los datos aportados pertenecieran a un tercero, el Usuario garantiza que ha informado a dicho tercero de los aspectos contenidos en esta Pol\u00edtica de Privacidad y ha obtenido su autorizaci\u00f3n de manera previa para facilitar sus datos a RESTAURANTE KUMA para los fines se\u00f1alados.<\/p><p>El objetivo de la presente es por tanto facilitar informaci\u00f3n adicional y detallada a los interesados sobre la pol\u00edtica de privacidad de Restaurante KUMA, dando cumplimiento a la normativa en esta materia, en especial al Reglamento (UE) 2016\/679, de 27 de abril de 2016, relativo a la protecci\u00f3n de las personas f\u00edsicas en lo que respecta al tratamiento de datos personales y a la libre circulaci\u00f3n de estos datos y por el que se deroga la Directiva 95\/46\/CE, y a la Ley Org\u00e1nica 3\/2018, de 5 de diciembre, de Protecci\u00f3n de Datos y Garant\u00eda de los Derechos Digitales.<\/p><\/div>\n\t\t\t\t<\/div>\n\t\t\t\t\t\t\t<div class=\"elementor-accordion-item\">\n\t\t\t\t\t<h3 id=\"elementor-tab-title-1192\" class=\"elementor-tab-title\" data-tab=\"2\" role=\"tab\" aria-controls=\"elementor-tab-content-1192\" aria-expanded=\"false\">\n\t\t\t\t\t\t\t\t\t\t\t\t\t<span class=\"elementor-accordion-icon elementor-accordion-icon-right\" aria-hidden=\"true\">\n\t\t\t\t\t\t\t\t\t\t\t\t\t\t\t<span class=\"elementor-accordion-icon-closed\"><i class=\"fas fa-caret-down\"><\/i><\/span>\n\t\t\t\t\t\t\t\t<span class=\"elementor-accordion-icon-opened\"><i class=\"fas fa-caret-up\"><\/i><\/span>\n\t\t\t\t\t\t\t\t\t\t\t\t\t\t<\/span>\n\t\t\t\t\t\t\t\t\t\t\t\t<a class=\"elementor-accordion-title\" href=\"\">RESPONSABLE DE TRATAMIENTO<\/a>\n\t\t\t\t\t<\/h3>\n\t\t\t\t\t<div id=\"elementor-tab-content-1192\" class=\"elementor-tab-content elementor-clearfix\" data-tab=\"2\" role=\"tabpanel\" aria-labelledby=\"elementor-tab-title-1192\"><p>Aquellos datos del usuario objeto de tratamiento por ICHINISAN SL (Restaurante KUMA), en cumplimiento de la normativa vigente, tendr\u00e1 asignado como responsable de tratamiento:<\/p><ul><li>Identidad: LOMANA P\u00c9REZ, JES\u00daS MANUEL 14236526D<\/li><li>Domicilio: C\/ Ercilla 8, Bilbao, 48009<\/li><li>E-mail: <a href=\"mailto:kumarestaurante@icloud.com\">kumarestaurante@icloud.com<\/a><\/li><\/ul><\/div>\n\t\t\t\t<\/div>\n\t\t\t\t\t\t\t<div class=\"elementor-accordion-item\">\n\t\t\t\t\t<h3 id=\"elementor-tab-title-1193\" class=\"elementor-tab-title\" data-tab=\"3\" role=\"tab\" aria-controls=\"elementor-tab-content-1193\" aria-expanded=\"false\">\n\t\t\t\t\t\t\t\t\t\t\t\t\t<span class=\"elementor-accordion-icon elementor-accordion-icon-right\" aria-hidden=\"true\">\n\t\t\t\t\t\t\t\t\t\t\t\t\t\t\t<span class=\"elementor-accordion-icon-closed\"><i class=\"fas fa-caret-down\"><\/i><\/span>\n\t\t\t\t\t\t\t\t<span class=\"elementor-accordion-icon-opened\"><i class=\"fas fa-caret-up\"><\/i><\/span>\n\t\t\t\t\t\t\t\t\t\t\t\t\t\t<\/span>\n\t\t\t\t\t\t\t\t\t\t\t\t<a class=\"elementor-accordion-title\" href=\"\">FINALIDAD, TIEMPO Y LEGITIMACI\u00d3N<\/a>\n\t\t\t\t\t<\/h3>\n\t\t\t\t\t<div id=\"elementor-tab-content-1193\" class=\"elementor-tab-content elementor-clearfix\" data-tab=\"3\" role=\"tabpanel\" aria-labelledby=\"elementor-tab-title-1193\"><p>KUMA trata la informaci\u00f3n personal que nos facilite con la \u00fanica finalidad de gestionar el env\u00edo de la informaci\u00f3n que nos solicites, entregar a los interesados ofertas de nuestros servicios y\/o productos de su inter\u00e9s, proporcionar la adecuada gesti\u00f3n de su compra online, y\/o recoger datos an\u00f3nimos relacionados con las visitas para establecer estad\u00edsticas de navegaci\u00f3n por el sitio web.<\/p><p>Sus datos ser\u00e1n conservados durante el tiempo necesario para cumplir las obligaciones legales y fiscales, y si as\u00ed lo ha autorizado, hasta que nos pida lo contrario en nuestra base de datos para recibir comunicaciones de KUMA.<\/p><p>La base legal para el tratamiento de sus datos personales puede ser la ejecuci\u00f3n de una relaci\u00f3n contractual potencial y\/o suscrita, el inter\u00e9s leg\u00edtimo, la habilitaci\u00f3n legal y\/o el consentimiento del propio interesado. Los datos que le solicitamos son adecuados, pertinentes y estrictamente necesarios y en ning\u00fan caso est\u00e1 obligado a facilit\u00e1rnoslos, pero su no comunicaci\u00f3n podr\u00e1 afectar a la finalidad del servicio o la imposibilidad de prestarlo.<\/p><\/div>\n\t\t\t\t<\/div>\n\t\t\t\t\t\t\t<div class=\"elementor-accordion-item\">\n\t\t\t\t\t<h3 id=\"elementor-tab-title-1194\" class=\"elementor-tab-title\" data-tab=\"4\" role=\"tab\" aria-controls=\"elementor-tab-content-1194\" aria-expanded=\"false\">\n\t\t\t\t\t\t\t\t\t\t\t\t\t<span class=\"elementor-accordion-icon elementor-accordion-icon-right\" aria-hidden=\"true\">\n\t\t\t\t\t\t\t\t\t\t\t\t\t\t\t<span class=\"elementor-accordion-icon-closed\"><i class=\"fas fa-caret-down\"><\/i><\/span>\n\t\t\t\t\t\t\t\t<span class=\"elementor-accordion-icon-opened\"><i class=\"fas fa-caret-up\"><\/i><\/span>\n\t\t\t\t\t\t\t\t\t\t\t\t\t\t<\/span>\n\t\t\t\t\t\t\t\t\t\t\t\t<a class=\"elementor-accordion-title\" href=\"\">DERECHOS<\/a>\n\t\t\t\t\t<\/h3>\n\t\t\t\t\t<div id=\"elementor-tab-content-1194\" class=\"elementor-tab-content elementor-clearfix\" data-tab=\"4\" role=\"tabpanel\" aria-labelledby=\"elementor-tab-title-1194\"><p>Los derechos de protecci\u00f3n de datos de los que son titulares los interesados son:<\/p><ul><li>Derecho a solicitar el acceso a los datos personales relativos al interesado.<\/li><li>Derecho de rectificaci\u00f3n o supresi\u00f3n.<\/li><li>Derecho de oposici\u00f3n.<\/li><li>Derecho a solicitar la limitaci\u00f3n de su tratamiento.<\/li><li>Derecho a la portabilidad de los datos.<\/li><\/ul><p>Los titulares de los datos personales obtenidos, podr\u00e1n ejercer sus derechos de protecci\u00f3n de datos personales dirigiendo una comunicaci\u00f3n por escrito al correo electr\u00f3nico habilitado a tal efecto, <a href=\"mailto:kumarestaurante@icloud.com\">kumarestaurante@icloud.com<\/a>, incluyendo en ambos casos fotocopia de su DNI u otro documento de identificaci\u00f3n equivalente.<\/p><p>Tienes la posibilidad y el derecho a retirar el consentimiento para cualquiera finalidad espec\u00edfica otorgada en su momento, sin que ello afecte a la licitud del tratamiento basado en el consentimiento previo a su retirada.<\/p><p>Asimismo, y especialmente si considera que no ha obtenido satisfacci\u00f3n plena en el ejercicio de sus derechos, podr\u00e1 presentar una reclamaci\u00f3n ante la autoridad nacional de control dirigi\u00e9ndose a estos efectos a la Agencia Espa\u00f1ola de Protecci\u00f3n de Datos, C\/ Jorge Juan, 6 \u2013 28001 Madrid <a href=\"https:\/\/www.agpd.es\">www.agpd.es<\/a> .<\/p><\/div>\n\t\t\t\t<\/div>\n\t\t\t\t\t\t\t<div class=\"elementor-accordion-item\">\n\t\t\t\t\t<h3 id=\"elementor-tab-title-1195\" class=\"elementor-tab-title\" data-tab=\"5\" role=\"tab\" aria-controls=\"elementor-tab-content-1195\" aria-expanded=\"false\">\n\t\t\t\t\t\t\t\t\t\t\t\t\t<span class=\"elementor-accordion-icon elementor-accordion-icon-right\" aria-hidden=\"true\">\n\t\t\t\t\t\t\t\t\t\t\t\t\t\t\t<span class=\"elementor-accordion-icon-closed\"><i class=\"fas fa-caret-down\"><\/i><\/span>\n\t\t\t\t\t\t\t\t<span class=\"elementor-accordion-icon-opened\"><i class=\"fas fa-caret-up\"><\/i><\/span>\n\t\t\t\t\t\t\t\t\t\t\t\t\t\t<\/span>\n\t\t\t\t\t\t\t\t\t\t\t\t<a class=\"elementor-accordion-title\" href=\"\">SEGURIDAD Y CONFIDENCIALIDAD<\/a>\n\t\t\t\t\t<\/h3>\n\t\t\t\t\t<div id=\"elementor-tab-content-1195\" class=\"elementor-tab-content elementor-clearfix\" data-tab=\"5\" role=\"tabpanel\" aria-labelledby=\"elementor-tab-title-1195\"><p>Con el objetivo de salvaguardar la seguridad de sus datos personales, le informamos que KUMA ha adoptado todas las medidas de \u00edndole t\u00e9cnica y organizativa necesarias para garantizar la seguridad de los datos personales suministrados. Todo ello para evitar su alteraci\u00f3n, p\u00e9rdida, y\/o tratamientos o accesos no autorizados, tal como exige la normativa, si bien la seguridad absoluta no existe.<\/p><p>Es importante adem\u00e1s que, para mantener sus datos personales actualizados, nos informe siempre que se produzca una modificaci\u00f3n de los mismos.<\/p><p>Sus datos ser\u00e1n tratados con el m\u00e1ximo celo y confidencialidad por todo el personal que intervenga en cualquiera de las fases del tratamiento. No cederemos ni comunicaremos a ning\u00fan tercero sus datos, excepto en los casos legalmente previstos, o salvo que el interesado nos hubiera autorizado expresamente.<\/p><\/div>\n\t\t\t\t<\/div>\n\t\t\t\t\t\t\t\t<\/div>\n\t\t\t\t<\/div>\n\t\t\t\t<\/div>\n\t\t\t\t\t<\/div>\n\t\t<\/div>\n\t\t\t\t\t\t\t<\/div>\n\t\t<\/section>\n\t\t\t\t\t\t\t<\/div>","protected":false},"excerpt":{"rendered":"<p>POL\u00cdTICA DE PRIVACIDAD PROTECCI\u00d3N DE DATOS PERSONALES Para ayudar al Usuario a tomar decisiones informadas cuando utiliza el Sitio Web y a comprender de qu\u00e9 modo trataremos la informaci\u00f3n personal facilitada por el mismo a trav\u00e9s de los distintos sistemas de recogida de datos que figuran en el Sitio Web de KUMA le invitamos a &#8230;<\/p>","protected":false},"author":2,"featured_media":0,"parent":0,"menu_order":0,"comment_status":"closed","ping_status":"closed","template":"template-wide-content.php","meta":{"footnotes":"","patiotime_single_page_hide_site_header":"","patiotime_single_page_site_header_source":"","patiotime_single_page_custom_site_header":"0","patiotime_single_page_custom_sticky_site_header":"0","patiotime_single_page_hide_page_title":"on","patiotime_single_page_header_section_size":"","patiotime_single_page_header_background_color":"#000000","patiotime_single_page_header_background_position_x":"center","patiotime_single_page_header_background_position_y":"center","patiotime_single_page_header_background_size":"cover","patiotime_single_page_header_background_repeat":"off","patiotime_single_page_header_background_scroll":"on","patiotime_single_page_header_text_color":"","patiotime_single_page_header_show_breadcrumb":"hide","patiotime_single_page_site_footer_hide_main":"","patiotime_single_custom_site_footer_main_source":"","patiotime_single_custom_site_footer_main":"0","patiotime_single_page_site_footer_hide_above":"","patiotime_single_custom_site_footer_above_source":"","patiotime_single_custom_site_footer_above":"0","patiotime_single_page_site_footer_hide_instagram":"","patiotime_single_page_site_footer_hide_bottom":"","patiotime_single_custom_mobile_menu_source":"","patiotime_single_custom_mobile_menu":"0","patiotime_single_custom_mobile_menu_animation":"","patiotime_single_custom_mobile_menu_width":"","patiotime_single_custom_mobile_menu_custom_width":375},"yoast_head":"<!-- This site is optimized with the Yoast SEO plugin v20.10 - https:\/\/yoast.com\/wordpress\/plugins\/seo\/ -->\n<title>Privacidad - Restaurante KUMA<\/title>\n<meta name=\"robots\" content=\"index, follow, max-snippet:-1, max-image-preview:large, max-video-preview:-1\" \/>\n<link rel=\"canonical\" href=\"https:\/\/restaurantekuma.com\/en\/privacidad\/\" \/>\n<meta property=\"og:locale\" content=\"en_GB\" \/>\n<meta property=\"og:type\" content=\"article\" \/>\n<meta property=\"og:title\" content=\"Privacidad - Restaurante KUMA\" \/>\n<meta property=\"og:description\" content=\"POL\u00cdTICA DE PRIVACIDAD PROTECCI\u00d3N DE DATOS PERSONALES Para ayudar al Usuario a tomar decisiones informadas cuando utiliza el Sitio Web y a comprender de qu\u00e9 modo trataremos la informaci\u00f3n personal facilitada por el mismo a trav\u00e9s de los distintos sistemas de recogida de datos que figuran en el Sitio Web de KUMA le invitamos a ...\" \/>\n<meta property=\"og:url\" content=\"https:\/\/restaurantekuma.com\/en\/privacidad\/\" \/>\n<meta property=\"og:site_name\" content=\"Restaurante KUMA\" \/>\n<meta property=\"article:modified_time\" content=\"2024-03-22T10:22:16+00:00\" \/>\n<meta name=\"twitter:card\" content=\"summary_large_image\" \/>\n<meta name=\"twitter:label1\" content=\"Estimated reading time\" \/>\n\t<meta name=\"twitter:data1\" content=\"4 minutes\" \/>\n<script type=\"application\/ld+json\" class=\"yoast-schema-graph\">{\"@context\":\"https:\/\/schema.org\",\"@graph\":[{\"@type\":\"WebPage\",\"@id\":\"https:\/\/restaurantekuma.com\/privacidad\/\",\"url\":\"https:\/\/restaurantekuma.com\/privacidad\/\",\"name\":\"Privacidad - Restaurante KUMA\",\"isPartOf\":{\"@id\":\"https:\/\/restaurantekuma.com\/#website\"},\"datePublished\":\"2024-03-05T11:14:01+00:00\",\"dateModified\":\"2024-03-22T10:22:16+00:00\",\"breadcrumb\":{\"@id\":\"https:\/\/restaurantekuma.com\/privacidad\/#breadcrumb\"},\"inLanguage\":\"en-GB\",\"potentialAction\":[{\"@type\":\"ReadAction\",\"target\":[\"https:\/\/restaurantekuma.com\/privacidad\/\"]}]},{\"@type\":\"BreadcrumbList\",\"@id\":\"https:\/\/restaurantekuma.com\/privacidad\/#breadcrumb\",\"itemListElement\":[{\"@type\":\"ListItem\",\"position\":1,\"name\":\"Portada\",\"item\":\"https:\/\/restaurantekuma.com\/\"},{\"@type\":\"ListItem\",\"position\":2,\"name\":\"Privacidad\"}]},{\"@type\":\"WebSite\",\"@id\":\"https:\/\/restaurantekuma.com\/#website\",\"url\":\"https:\/\/restaurantekuma.com\/\",\"name\":\"Restaurante KUMA\",\"description\":\"Restaurante japon\u00e9s fusi\u00f3n en Bilbao\",\"potentialAction\":[{\"@type\":\"SearchAction\",\"target\":{\"@type\":\"EntryPoint\",\"urlTemplate\":\"https:\/\/restaurantekuma.com\/?s={search_term_string}\"},\"query-input\":\"required name=search_term_string\"}],\"inLanguage\":\"en-GB\"}]}<\/script>\n<!-- \/ Yoast SEO plugin. -->","yoast_head_json":{"title":"Privacidad - Restaurante KUMA","robots":{"index":"index","follow":"follow","max-snippet":"max-snippet:-1","max-image-preview":"max-image-preview:large","max-video-preview":"max-video-preview:-1"},"canonical":"https:\/\/restaurantekuma.com\/en\/privacidad\/","og_locale":"en_GB","og_type":"article","og_title":"Privacidad - Restaurante KUMA","og_description":"POL\u00cdTICA DE PRIVACIDAD PROTECCI\u00d3N DE DATOS PERSONALES Para ayudar al Usuario a tomar decisiones informadas cuando utiliza el Sitio Web y a comprender de qu\u00e9 modo trataremos la informaci\u00f3n personal facilitada por el mismo a trav\u00e9s de los distintos sistemas de recogida de datos que figuran en el Sitio Web de KUMA le invitamos a ...","og_url":"https:\/\/restaurantekuma.com\/en\/privacidad\/","og_site_name":"Restaurante KUMA","article_modified_time":"2024-03-22T10:22:16+00:00","twitter_card":"summary_large_image","twitter_misc":{"Estimated reading time":"4 minutes"},"schema":{"@context":"https:\/\/schema.org","@graph":[{"@type":"WebPage","@id":"https:\/\/restaurantekuma.com\/privacidad\/","url":"https:\/\/restaurantekuma.com\/privacidad\/","name":"Privacidad - Restaurante KUMA","isPartOf":{"@id":"https:\/\/restaurantekuma.com\/#website"},"datePublished":"2024-03-05T11:14:01+00:00","dateModified":"2024-03-22T10:22:16+00:00","breadcrumb":{"@id":"https:\/\/restaurantekuma.com\/privacidad\/#breadcrumb"},"inLanguage":"en-GB","potentialAction":[{"@type":"ReadAction","target":["https:\/\/restaurantekuma.com\/privacidad\/"]}]},{"@type":"BreadcrumbList","@id":"https:\/\/restaurantekuma.com\/privacidad\/#breadcrumb","itemListElement":[{"@type":"ListItem","position":1,"name":"Portada","item":"https:\/\/restaurantekuma.com\/"},{"@type":"ListItem","position":2,"name":"Privacidad"}]},{"@type":"WebSite","@id":"https:\/\/restaurantekuma.com\/#website","url":"https:\/\/restaurantekuma.com\/","name":"Restaurante KUMA","description":"Restaurante japon\u00e9s fusi\u00f3n en Bilbao","potentialAction":[{"@type":"SearchAction","target":{"@type":"EntryPoint","urlTemplate":"https:\/\/restaurantekuma.com\/?s={search_term_string}"},"query-input":"required name=search_term_string"}],"inLanguage":"en-GB"}]}},"_links":{"self":[{"href":"https:\/\/restaurantekuma.com\/en\/wp-json\/wp\/v2\/pages\/2237"}],"collection":[{"href":"https:\/\/restaurantekuma.com\/en\/wp-json\/wp\/v2\/pages"}],"about":[{"href":"https:\/\/restaurantekuma.com\/en\/wp-json\/wp\/v2\/types\/page"}],"author":[{"embeddable":true,"href":"https:\/\/restaurantekuma.com\/en\/wp-json\/wp\/v2\/users\/2"}],"replies":[{"embeddable":true,"href":"https:\/\/restaurantekuma.com\/en\/wp-json\/wp\/v2\/comments?post=2237"}],"version-history":[{"count":37,"href":"https:\/\/restaurantekuma.com\/en\/wp-json\/wp\/v2\/pages\/2237\/revisions"}],"predecessor-version":[{"id":2375,"href":"https:\/\/restaurantekuma.com\/en\/wp-json\/wp\/v2\/pages\/2237\/revisions\/2375"}],"wp:attachment":[{"href":"https:\/\/restaurantekuma.com\/en\/wp-json\/wp\/v2\/media?parent=2237"}],"curies":[{"name":"wp","href":"https:\/\/api.w.org\/{rel}","templated":true}]}}