{"id":966,"date":"2022-05-25T12:56:07","date_gmt":"2022-05-25T12:56:07","guid":{"rendered":"https:\/\/patiotime.loftocean.com\/demo5\/?page_id=350"},"modified":"2023-03-29T11:24:00","modified_gmt":"2023-03-29T11:24:00","slug":"reservas","status":"publish","type":"page","link":"https:\/\/restaurantekuma.com\/en\/reservas\/","title":{"rendered":"Reservations"},"content":{"rendered":"<div data-elementor-type=\"wp-page\" data-elementor-id=\"966\" class=\"elementor elementor-966\">\n\t\t\t\t\t\t\t\t\t<section class=\"elementor-section elementor-top-section elementor-element elementor-element-3ed4e8b elementor-section-boxed elementor-section-height-default elementor-section-height-default\" data-id=\"3ed4e8b\" data-element_type=\"section\">\n\t\t\t\t\t\t<div class=\"elementor-container elementor-column-gap-narrow\">\n\t\t\t\t\t<div class=\"elementor-column elementor-col-50 elementor-top-column elementor-element elementor-element-4298c14\" data-id=\"4298c14\" data-element_type=\"column\">\n\t\t\t<div class=\"elementor-widget-wrap elementor-element-populated\">\n\t\t\t\t\t\t\t\t<div class=\"elementor-element elementor-element-db3dfa8 elementor-widget elementor-widget-image\" data-id=\"db3dfa8\" data-element_type=\"widget\" data-widget_type=\"image.default\">\n\t\t\t\t<div class=\"elementor-widget-container\">\n\t\t\t<style>\/*! elementor - v3.11.5 - 14-03-2023 *\/\n.elementor-widget-image{text-align:center}.elementor-widget-image a{display:inline-block}.elementor-widget-image a img[src$=\".svg\"]{width:48px}.elementor-widget-image img{vertical-align:middle;display:inline-block}<\/style>\t\t\t\t\t\t\t\t\t\t\t\t<img decoding=\"async\" width=\"1024\" height=\"683\" src=\"https:\/\/restaurantekuma.com\/wp-content\/uploads\/2023\/03\/r1.jpg\" class=\"attachment-large size-large wp-image-1909\" alt=\"\" srcset=\"https:\/\/restaurantekuma.com\/wp-content\/uploads\/2023\/03\/r1.jpg 1024w, https:\/\/restaurantekuma.com\/wp-content\/uploads\/2023\/03\/r1-300x200.jpg 300w, https:\/\/restaurantekuma.com\/wp-content\/uploads\/2023\/03\/r1-150x100.jpg 150w, https:\/\/restaurantekuma.com\/wp-content\/uploads\/2023\/03\/r1-600x400.jpg 600w, https:\/\/restaurantekuma.com\/wp-content\/uploads\/2023\/03\/r1-768x512.jpg 768w, https:\/\/restaurantekuma.com\/wp-content\/uploads\/2023\/03\/r1-780x520.jpg 780w, https:\/\/restaurantekuma.com\/wp-content\/uploads\/2023\/03\/r1-550x367.jpg 550w, https:\/\/restaurantekuma.com\/wp-content\/uploads\/2023\/03\/r1-370x247.jpg 370w, https:\/\/restaurantekuma.com\/wp-content\/uploads\/2023\/03\/r1-255x170.jpg 255w\" sizes=\"(max-width: 1024px) 100vw, 1024px\" \/>\t\t\t\t\t\t\t\t\t\t\t\t\t\t\t<\/div>\n\t\t\t\t<\/div>\n\t\t\t\t\t<\/div>\n\t\t<\/div>\n\t\t\t\t<div class=\"elementor-column elementor-col-50 elementor-top-column elementor-element elementor-element-218edeb elementor-hidden-mobile\" data-id=\"218edeb\" data-element_type=\"column\">\n\t\t\t<div class=\"elementor-widget-wrap elementor-element-populated\">\n\t\t\t\t\t\t\t\t<div class=\"elementor-element elementor-element-a3efb84 elementor-widget elementor-widget-image\" data-id=\"a3efb84\" data-element_type=\"widget\" data-widget_type=\"image.default\">\n\t\t\t\t<div class=\"elementor-widget-container\">\n\t\t\t\t\t\t\t\t\t\t\t\t\t\t\t<img decoding=\"async\" width=\"600\" height=\"400\" src=\"https:\/\/restaurantekuma.com\/wp-content\/uploads\/2023\/03\/r2-600x400.jpg\" class=\"attachment-patiotime_600x9999 size-patiotime_600x9999 wp-image-1910\" alt=\"\" srcset=\"https:\/\/restaurantekuma.com\/wp-content\/uploads\/2023\/03\/r2-600x400.jpg 600w, https:\/\/restaurantekuma.com\/wp-content\/uploads\/2023\/03\/r2-300x200.jpg 300w, https:\/\/restaurantekuma.com\/wp-content\/uploads\/2023\/03\/r2-150x100.jpg 150w, https:\/\/restaurantekuma.com\/wp-content\/uploads\/2023\/03\/r2-768x512.jpg 768w, https:\/\/restaurantekuma.com\/wp-content\/uploads\/2023\/03\/r2-780x520.jpg 780w, https:\/\/restaurantekuma.com\/wp-content\/uploads\/2023\/03\/r2-550x367.jpg 550w, https:\/\/restaurantekuma.com\/wp-content\/uploads\/2023\/03\/r2-370x247.jpg 370w, https:\/\/restaurantekuma.com\/wp-content\/uploads\/2023\/03\/r2-255x170.jpg 255w, https:\/\/restaurantekuma.com\/wp-content\/uploads\/2023\/03\/r2.jpg 1024w\" sizes=\"(max-width: 600px) 100vw, 600px\" \/>\t\t\t\t\t\t\t\t\t\t\t\t\t\t\t<\/div>\n\t\t\t\t<\/div>\n\t\t\t\t<div class=\"elementor-element elementor-element-29afe51 elementor-widget elementor-widget-image\" data-id=\"29afe51\" data-element_type=\"widget\" data-widget_type=\"image.default\">\n\t\t\t\t<div class=\"elementor-widget-container\">\n\t\t\t\t\t\t\t\t\t\t\t\t\t\t\t<img decoding=\"async\" width=\"600\" height=\"450\" src=\"https:\/\/restaurantekuma.com\/wp-content\/uploads\/2023\/03\/r3-600x450.jpg\" class=\"attachment-patiotime_600x9999 size-patiotime_600x9999 wp-image-1911\" alt=\"\" srcset=\"https:\/\/restaurantekuma.com\/wp-content\/uploads\/2023\/03\/r3-600x450.jpg 600w, https:\/\/restaurantekuma.com\/wp-content\/uploads\/2023\/03\/r3-300x225.jpg 300w, https:\/\/restaurantekuma.com\/wp-content\/uploads\/2023\/03\/r3-150x113.jpg 150w, https:\/\/restaurantekuma.com\/wp-content\/uploads\/2023\/03\/r3-768x576.jpg 768w, https:\/\/restaurantekuma.com\/wp-content\/uploads\/2023\/03\/r3-780x585.jpg 780w, https:\/\/restaurantekuma.com\/wp-content\/uploads\/2023\/03\/r3-550x413.jpg 550w, https:\/\/restaurantekuma.com\/wp-content\/uploads\/2023\/03\/r3-370x278.jpg 370w, https:\/\/restaurantekuma.com\/wp-content\/uploads\/2023\/03\/r3-255x191.jpg 255w, https:\/\/restaurantekuma.com\/wp-content\/uploads\/2023\/03\/r3.jpg 906w\" sizes=\"(max-width: 600px) 100vw, 600px\" \/>\t\t\t\t\t\t\t\t\t\t\t\t\t\t\t<\/div>\n\t\t\t\t<\/div>\n\t\t\t\t\t<\/div>\n\t\t<\/div>\n\t\t\t\t\t\t\t<\/div>\n\t\t<\/section>\n\t\t\t\t<section class=\"elementor-section elementor-top-section elementor-element elementor-element-97e45d5 elementor-section-stretched elementor-section-boxed elementor-section-height-default elementor-section-height-default\" data-id=\"97e45d5\" data-element_type=\"section\" data-settings=\"{&quot;stretch_section&quot;:&quot;section-stretched&quot;}\">\n\t\t\t\t\t\t<div class=\"elementor-container elementor-column-gap-default\">\n\t\t\t\t\t<div class=\"elementor-column elementor-col-33 elementor-top-column elementor-element elementor-element-bc281fc\" data-id=\"bc281fc\" data-element_type=\"column\">\n\t\t\t<div class=\"elementor-widget-wrap elementor-element-populated\">\n\t\t\t\t\t\t\t\t<div class=\"elementor-element elementor-element-00c7dbc elementor-widget elementor-widget-pt_title\" data-id=\"00c7dbc\" data-element_type=\"widget\" data-widget_type=\"pt_title.default\">\n\t\t\t\t<div class=\"elementor-widget-container\">\n\t\t\t\n        <div class=\"pt-title-wrap\">\t            <div class=\"pt-subtitle-wrap\"><span class=\"pt-subtitle style-bordered\">The KUMA experience<\/span><\/div>\t            <h4 class=\"pt-title\">\n\t                Online Reservation\t            <\/h4>\t            <div class=\"pt-title-text\">\n\t                We advise you to reserve a table and thus guarantee a date and time for your KUMA experience.\n\nIn addition to setting the date, time and number of guests, be sure to let us know, by one of the other ways of <span style=\"text-decoration: underline;\"><a href=\"https:\/\/restaurantekuma.com\/en\/contacto-localizacion\/\">contacting us<\/a><\/span> if we need to take into account any allergies or intolerances.\t            <\/div>        <\/div>\t\t<\/div>\n\t\t\t\t<\/div>\n\t\t\t\t\t<\/div>\n\t\t<\/div>\n\t\t\t\t<div class=\"elementor-column elementor-col-66 elementor-top-column elementor-element elementor-element-0685845\" data-id=\"0685845\" data-element_type=\"column\">\n\t\t\t<div class=\"elementor-widget-wrap elementor-element-populated\">\n\t\t\t\t\t\t\t\t<div class=\"elementor-element elementor-element-aa877a8 elementor-invisible elementor-widget elementor-widget-html\" data-id=\"aa877a8\" data-element_type=\"widget\" data-settings=\"{&quot;_animation&quot;:&quot;fadeInRight&quot;}\" data-widget_type=\"html.default\">\n\t\t\t\t<div class=\"elementor-widget-container\">\n\t\t\t<iframe class=\"thefork\" id=\"reservas\" src=\"https:\/\/module.lafourchette.com\/es_ES\/module\/474619-2815a \" style=\"width: 100%; height:auto; overflow:auto;\"><\/iframe>\t\t<\/div>\n\t\t\t\t<\/div>\n\t\t\t\t\t<\/div>\n\t\t<\/div>\n\t\t\t\t\t\t\t<\/div>\n\t\t<\/section>\n\t\t\t\t<section class=\"elementor-section elementor-top-section elementor-element elementor-element-0dd1fa0 elementor-section-height-min-height pt-section-content-fullwidth pt-parallax-on-scroll pt_scroll_y_150 elementor-section-boxed elementor-section-height-default elementor-section-items-middle\" data-id=\"0dd1fa0\" data-element_type=\"section\" data-settings=\"{&quot;background_background&quot;:&quot;classic&quot;}\" data-pt-parallax-y=\"150\" style=\"background-image: none;\" data-pt-background-image=\"https:\/\/restaurantekuma.com\/wp-content\/uploads\/2023\/03\/ahtziri-lagarde-BM8-NSCj9yA-unsplash-1920x1280-1-2.jpg\">\n\t\t\t\t\t\t\t<div class=\"elementor-background-overlay\"><\/div>\n\t\t\t\t\t\t\t<div class=\"elementor-container elementor-column-gap-default\">\n\t\t\t\t\t<div class=\"elementor-column elementor-col-100 elementor-top-column elementor-element elementor-element-fa6611a\" data-id=\"fa6611a\" data-element_type=\"column\">\n\t\t\t<div class=\"elementor-widget-wrap elementor-element-populated\">\n\t\t\t\t\t\t\t\t<div class=\"elementor-element elementor-element-1e30a8d elementor-widget elementor-widget-pt_title\" data-id=\"1e30a8d\" data-element_type=\"widget\" data-widget_type=\"pt_title.default\">\n\t\t\t\t<div class=\"elementor-widget-container\">\n\t\t\t\n        <div class=\"pt-title-wrap text-center\">\t            <h4 class=\"pt-title\">\n\t                We are waiting for you!\t            <\/h4>\t            <div class=\"pt-title-text\">\n\t                <p>Thank you for trusting us<\/p>\t            <\/div>        <\/div>\t\t<\/div>\n\t\t\t\t<\/div>\n\t\t\t\t\t<\/div>\n\t\t<\/div>\n\t\t\t\t\t\t\t<\/div>\n\t\t<\/section>\n\t\t\t\t\t\t\t<\/div>","protected":false},"excerpt":{"rendered":"<p>Experiencia KUMA Reserva Online Aconsejamos reservar mesa y garantizar as\u00ed fecha y hora para su experiencia KUMA. Adem\u00e1s de fijar d\u00eda, hora y n\u00famero de comensales, aseg\u00farese de informarnos, por alguno de los otros medios de contacto que ponemos a su disposici\u00f3n, si debemos tener en cuenta alguna alerg\u00eda o intolerancia. \u00a1Os Esperamos! Gracias por &#8230;<\/p>","protected":false},"author":2,"featured_media":0,"parent":0,"menu_order":0,"comment_status":"closed","ping_status":"closed","template":"template-wide-content.php","meta":{"footnotes":"","patiotime_single_page_hide_site_header":"","patiotime_single_page_site_header_source":"","patiotime_single_page_custom_site_header":"0","patiotime_single_page_custom_sticky_site_header":"0","patiotime_single_page_hide_page_title":"on","patiotime_single_page_header_section_size":"","patiotime_single_page_header_background_color":"","patiotime_single_page_header_background_position_x":"center","patiotime_single_page_header_background_position_y":"center","patiotime_single_page_header_background_size":"cover","patiotime_single_page_header_background_repeat":"off","patiotime_single_page_header_background_scroll":"on","patiotime_single_page_header_text_color":"","patiotime_single_page_header_show_breadcrumb":"","patiotime_single_page_site_footer_hide_main":"","patiotime_single_custom_site_footer_main_source":"","patiotime_single_custom_site_footer_main":"0","patiotime_single_page_site_footer_hide_above":"","patiotime_single_custom_site_footer_above_source":"","patiotime_single_custom_site_footer_above":"0","patiotime_single_page_site_footer_hide_instagram":"","patiotime_single_page_site_footer_hide_bottom":"","patiotime_single_custom_mobile_menu_source":"","patiotime_single_custom_mobile_menu":"0","patiotime_single_custom_mobile_menu_animation":"","patiotime_single_custom_mobile_menu_width":"","patiotime_single_custom_mobile_menu_custom_width":375},"yoast_head":"<!-- This site is optimized with the Yoast SEO plugin v20.10 - https:\/\/yoast.com\/wordpress\/plugins\/seo\/ -->\n<title>Reservas - Restaurante KUMA<\/title>\n<meta name=\"robots\" content=\"index, follow, max-snippet:-1, max-image-preview:large, max-video-preview:-1\" \/>\n<link rel=\"canonical\" href=\"https:\/\/restaurantekuma.com\/en\/reservas\/\" \/>\n<meta property=\"og:locale\" content=\"en_GB\" \/>\n<meta property=\"og:type\" content=\"article\" \/>\n<meta property=\"og:title\" content=\"Reservas - Restaurante KUMA\" \/>\n<meta property=\"og:description\" content=\"Experiencia KUMA Reserva Online Aconsejamos reservar mesa y garantizar as\u00ed fecha y hora para su experiencia KUMA. Adem\u00e1s de fijar d\u00eda, hora y n\u00famero de comensales, aseg\u00farese de informarnos, por alguno de los otros medios de contacto que ponemos a su disposici\u00f3n, si debemos tener en cuenta alguna alerg\u00eda o intolerancia. \u00a1Os Esperamos! Gracias por ...\" \/>\n<meta property=\"og:url\" content=\"https:\/\/restaurantekuma.com\/en\/reservas\/\" \/>\n<meta property=\"og:site_name\" content=\"Restaurante KUMA\" \/>\n<meta property=\"article:modified_time\" content=\"2023-03-29T11:24:00+00:00\" \/>\n<meta property=\"og:image\" content=\"https:\/\/restaurantekuma.com\/wp-content\/uploads\/2023\/03\/r1.jpg\" \/>\n<meta name=\"twitter:card\" content=\"summary_large_image\" \/>\n<meta name=\"twitter:label1\" content=\"Estimated reading time\" \/>\n\t<meta name=\"twitter:data1\" content=\"1 minute\" \/>\n<script type=\"application\/ld+json\" class=\"yoast-schema-graph\">{\"@context\":\"https:\/\/schema.org\",\"@graph\":[{\"@type\":\"WebPage\",\"@id\":\"https:\/\/restaurantekuma.com\/reservas\/\",\"url\":\"https:\/\/restaurantekuma.com\/reservas\/\",\"name\":\"Reservas - Restaurante KUMA\",\"isPartOf\":{\"@id\":\"https:\/\/restaurantekuma.com\/#website\"},\"datePublished\":\"2022-05-25T12:56:07+00:00\",\"dateModified\":\"2023-03-29T11:24:00+00:00\",\"breadcrumb\":{\"@id\":\"https:\/\/restaurantekuma.com\/reservas\/#breadcrumb\"},\"inLanguage\":\"en-GB\",\"potentialAction\":[{\"@type\":\"ReadAction\",\"target\":[\"https:\/\/restaurantekuma.com\/reservas\/\"]}]},{\"@type\":\"BreadcrumbList\",\"@id\":\"https:\/\/restaurantekuma.com\/reservas\/#breadcrumb\",\"itemListElement\":[{\"@type\":\"ListItem\",\"position\":1,\"name\":\"Portada\",\"item\":\"https:\/\/restaurantekuma.com\/\"},{\"@type\":\"ListItem\",\"position\":2,\"name\":\"Reservas\"}]},{\"@type\":\"WebSite\",\"@id\":\"https:\/\/restaurantekuma.com\/#website\",\"url\":\"https:\/\/restaurantekuma.com\/\",\"name\":\"Restaurante KUMA\",\"description\":\"Restaurante japon\u00e9s fusi\u00f3n en Bilbao\",\"potentialAction\":[{\"@type\":\"SearchAction\",\"target\":{\"@type\":\"EntryPoint\",\"urlTemplate\":\"https:\/\/restaurantekuma.com\/?s={search_term_string}\"},\"query-input\":\"required name=search_term_string\"}],\"inLanguage\":\"en-GB\"}]}<\/script>\n<!-- \/ Yoast SEO plugin. -->","yoast_head_json":{"title":"Reservas - Restaurante KUMA","robots":{"index":"index","follow":"follow","max-snippet":"max-snippet:-1","max-image-preview":"max-image-preview:large","max-video-preview":"max-video-preview:-1"},"canonical":"https:\/\/restaurantekuma.com\/en\/reservas\/","og_locale":"en_GB","og_type":"article","og_title":"Reservas - Restaurante KUMA","og_description":"Experiencia KUMA Reserva Online Aconsejamos reservar mesa y garantizar as\u00ed fecha y hora para su experiencia KUMA. Adem\u00e1s de fijar d\u00eda, hora y n\u00famero de comensales, aseg\u00farese de informarnos, por alguno de los otros medios de contacto que ponemos a su disposici\u00f3n, si debemos tener en cuenta alguna alerg\u00eda o intolerancia. \u00a1Os Esperamos! Gracias por ...","og_url":"https:\/\/restaurantekuma.com\/en\/reservas\/","og_site_name":"Restaurante KUMA","article_modified_time":"2023-03-29T11:24:00+00:00","og_image":[{"url":"https:\/\/restaurantekuma.com\/wp-content\/uploads\/2023\/03\/r1.jpg"}],"twitter_card":"summary_large_image","twitter_misc":{"Estimated reading time":"1 minute"},"schema":{"@context":"https:\/\/schema.org","@graph":[{"@type":"WebPage","@id":"https:\/\/restaurantekuma.com\/reservas\/","url":"https:\/\/restaurantekuma.com\/reservas\/","name":"Reservas - Restaurante KUMA","isPartOf":{"@id":"https:\/\/restaurantekuma.com\/#website"},"datePublished":"2022-05-25T12:56:07+00:00","dateModified":"2023-03-29T11:24:00+00:00","breadcrumb":{"@id":"https:\/\/restaurantekuma.com\/reservas\/#breadcrumb"},"inLanguage":"en-GB","potentialAction":[{"@type":"ReadAction","target":["https:\/\/restaurantekuma.com\/reservas\/"]}]},{"@type":"BreadcrumbList","@id":"https:\/\/restaurantekuma.com\/reservas\/#breadcrumb","itemListElement":[{"@type":"ListItem","position":1,"name":"Portada","item":"https:\/\/restaurantekuma.com\/"},{"@type":"ListItem","position":2,"name":"Reservas"}]},{"@type":"WebSite","@id":"https:\/\/restaurantekuma.com\/#website","url":"https:\/\/restaurantekuma.com\/","name":"Restaurante KUMA","description":"Restaurante japon\u00e9s fusi\u00f3n en Bilbao","potentialAction":[{"@type":"SearchAction","target":{"@type":"EntryPoint","urlTemplate":"https:\/\/restaurantekuma.com\/?s={search_term_string}"},"query-input":"required name=search_term_string"}],"inLanguage":"en-GB"}]}},"_links":{"self":[{"href":"https:\/\/restaurantekuma.com\/en\/wp-json\/wp\/v2\/pages\/966"}],"collection":[{"href":"https:\/\/restaurantekuma.com\/en\/wp-json\/wp\/v2\/pages"}],"about":[{"href":"https:\/\/restaurantekuma.com\/en\/wp-json\/wp\/v2\/types\/page"}],"author":[{"embeddable":true,"href":"https:\/\/restaurantekuma.com\/en\/wp-json\/wp\/v2\/users\/2"}],"replies":[{"embeddable":true,"href":"https:\/\/restaurantekuma.com\/en\/wp-json\/wp\/v2\/comments?post=966"}],"version-history":[{"count":80,"href":"https:\/\/restaurantekuma.com\/en\/wp-json\/wp\/v2\/pages\/966\/revisions"}],"predecessor-version":[{"id":1915,"href":"https:\/\/restaurantekuma.com\/en\/wp-json\/wp\/v2\/pages\/966\/revisions\/1915"}],"wp:attachment":[{"href":"https:\/\/restaurantekuma.com\/en\/wp-json\/wp\/v2\/media?parent=966"}],"curies":[{"name":"wp","href":"https:\/\/api.w.org\/{rel}","templated":true}]}}